{"id":925,"date":"2017-03-28T16:46:12","date_gmt":"2017-03-28T16:46:12","guid":{"rendered":"https:\/\/campingoleiros.com\/portal\/?page_id=925"},"modified":"2021-02-20T01:41:26","modified_gmt":"2021-02-20T01:41:26","slug":"region-4","status":"publish","type":"page","link":"https:\/\/campingoleiros.com\/portal\/de\/region-4\/","title":{"rendered":"Region"},"content":{"rendered":"<div class=\"row\">\n<div class=\"col-md-5\">\n<h3>Wir liegen geografisch in der Mitte von Portugal, einem gro\u00dfen \u201eTannenfleck\u201c der sich in die Weite der Landschaft ausbreitet. Zwischen den grandiosen Quarzgipfeln der Sierras Moradal, Alvelos und tiefen T\u00e4lern, gegraben im Laufe des Jahrtausende, durch zahlreiche Wasserl\u00e4ufe, welche den Z\u00eazere anschwellen lassen.<\/h3>\n<h3>Laden Sie die Anwendung OleirosXplore und haben Sein einen \u00dcberblick \u00fcber alle Sehensw\u00fcrdigkeiten in unserer Region.<\/h3>\n<\/div>\n<div class=\"col-md-1 hidden-sm hidden-xs\">\n<div style=\"text-align: center;\"><img loading=\"lazy\" class=\"aligncenter size-full wp-image-142\" src=\"https:\/\/campingoleiros.com\/portal\/wp-content\/uploads\/2016\/05\/sep.png\" alt=\"sep\" width=\"20\" height=\"130\" \/><\/div>\n<\/div>\n<div class=\"col-md-6 p-texto \">Tauchen Sie ein in diesem Pinienwald , das gr\u00fcne Herz des Landes. Eine Region, die von der Natur dominiert ist, wo es reichliche Kiefer und Erdbeerb\u00e4ume gibt. Wo die Granitst\u00e4nder auswirken, stolz auf die Landschaft und versteckte T\u00e4ler mit B\u00e4che mit klaren flie\u00dfendes Wasser. Hier windet sich der gro\u00dfe Wanderweg der Appalachen und andere Wanderwege, die die M\u00e4ander des Flusses Z\u00eazere folgen. Hier lieben wir die Ruhe der Vogelbeobachtung und das Adrenalin der Mountainbike, bewahren die Geschichte aufgezeichnet in dem Schiefersteine und die reichhaltige K\u00fcche unserer Gro\u00dfeltern.<br \/>\n<strong><br \/>\nSie sind eingeladen. Entdecken Sie! Unser Kultureller Reichtum erwartet Sie!<\/strong><\/div>\n<\/div>\n<div class=\"row\">\n<div class=\"col-md-3\">\n<div class=\"percursos-menu\">\n<div class=\"submenuLink\"><a href=\"#percursos\">Wanderwege <\/a><\/div>\n<\/div>\n<\/div>\n<div class=\"col-md-3\">\n<div class=\"gastronomia-menu\">\n<div class=\"submenuLink\"><a href=\"#gastronomia\">Gastronomie<\/a><\/div>\n<\/div>\n<\/div>\n<div class=\"col-md-3\">\n<div class=\"monumentos-menu\">\n<div class=\"submenuLink\"><a href=\"#monumentos\">Denkm\u00e4ler<\/a><\/div>\n<\/div>\n<\/div>\n<div class=\"col-md-3\">\n<div class=\"geopark-menu\">\n<div class=\"submenuLink\"><a href=\"#geopark\">GEOPARK<\/a><\/div>\n<\/div>\n<\/div>\n<\/div>\n<div style=\"clear: both;\"><\/div>\n<div class=\"row\" style=\"margin-left: 0; margin-right: 0; margin-top: 40px;\"><img class=\"aligncenter size-full wp-image-148\" src=\"https:\/\/campingoleiros.com\/portal\/wp-content\/uploads\/2016\/05\/seta-baixo.png\" alt=\"seta-baixo\" width=\"30%\" srcset=\"https:\/\/campingoleiros.com\/portal\/wp-content\/uploads\/2016\/05\/seta-baixo.png 606w, https:\/\/campingoleiros.com\/portal\/wp-content\/uploads\/2016\/05\/seta-baixo-300x67.png 300w\" sizes=\"(max-width: 606px) 100vw, 606px\" \/><\/div>\n<div id=\"percursos\" class=\"row\" style=\"margin-top: 100px;\">\n<div class=\"col-md-6\"><img class=\"img-responsive\" src=\"https:\/\/campingoleiros.com\/portal\/wp-content\/uploads\/2016\/08\/regiao-percursos.jpg\" alt=\"percursos Pinhal Interior GR38\" \/><\/div>\n<div class=\"col-md-6\">\n<div class=\"titleRegiao\">Wanderwege<\/div>\n<div class=\"p-texto\">Wir haben mehr als 100 km Wanderwege um uns herum, die alle perfekt identifiziert und markiert sind, um die besten Punkte in der Grafschaft zu besuchen. Entdecken Sie die Wanderstrecke der Appalachen (GR38), folgen Sie bitte die go\u00dfen Strecke Z\u00eazere (GRZ) oder verlieren Sie sich in den kleinen Strecken (PR), in georrota do Orvalho oder in den Strecken rund um den Dorf , aldeia do xisto de \u00c1lvaro.<\/div>\n<\/div>\n<\/div>\n<div id=\"monumentos\" class=\"row\" style=\"margin-top: 40px;\">\n<div class=\"col-md-6\">\n<div class=\"titleRegiao2\">Denkm\u00e4ler<\/div>\n<div class=\"p-texto\">\u00c1lvaro ist unvermeidlich, das Dorf der Schiefergesteine, der wei\u00df ist. \u00c1lvaro erscheint als eine wei\u00dfe Mauer, die mit einem atemberaubenden Blick auf die Feinheiten des Flusses Z\u00eazere in einem Kap erstreckt. Die besondere Geographie des Ortes gibt Ihnen eine uneinnehmbare Festung, versteckt aber auch eines der beneidenswerten Erbe die sieben Kapellen und eine r\u00f6mische Br\u00fccke sowie Spuren der Templer Besatzung. Die Religiosit\u00e4t der Menschen wird auch in den Kirchen \u201eIgrejas Matriz e da Miseric\u00f3rdia de Oleiros\u201c, klassifiziert Geb\u00e4uden oder architektonischen Interesse der Kirche von Estreito (igreja do Estreito).<\/div>\n<\/div>\n<div class=\"col-md-6\"><img class=\"img-responsive\" src=\"https:\/\/campingoleiros.com\/portal\/wp-content\/uploads\/2016\/08\/regiao-monumentos.jpg\" alt=\"Monumentos em Oleiros\" \/><\/div>\n<\/div>\n<div id=\"gastronomia\" class=\"row\" style=\"margin-top: 40px;\">\n<div class=\"col-md-6\"><img class=\"img-responsive\" src=\"https:\/\/campingoleiros.com\/portal\/wp-content\/uploads\/2016\/08\/regiao-gastronomia2.jpg\" alt=\"gastronomia do pinhal interior\" \/><\/div>\n<div class=\"col-md-6\">\n<div class=\"titleRegiao\">Gastronomie<\/div>\n<div class=\"p-texto\">Wir sind in einem Gebiet von gro\u00dfem kulinarischen Erbe, wo die traditionelle K\u00fcche hervor gegeben ist, so wie die Erinnerung an das Wissen unserer Gro\u00dfeltern. Die einzigartige \u201ecabrito estronado\u201c (Ziege) dr\u00e4ngt sich als K\u00f6nig unserer K\u00fcche, speziell sind unsere typische portugiesische W\u00fcrste (maranho und bucho) und panierter Jagd Kaninchen. Das Wasser in den Fl\u00fcssen bietet auch die gegrillte Forelle und Forellenbarschen. Zum Vers\u00fc\u00dfen bekommen Sie hausgemachte Honigkuchen\/ Honigpl\u00e4tzchen (bolo de mel) , der Maisbrei (papas de milho), filh\u00f3s und tigelada. Probieren Sie den Wein Callum, ein wei\u00dfer, leichter und einzigartiger Wein aus Oleiros, oder wenn Sie es riskieren m\u00f6chten, probieren Sie unseren Erdbeerbaum schnaps.<\/div>\n<\/div>\n<\/div>\n<div id=\"geopark\" class=\"row\" style=\"margin-top: 40px;\">\n<div class=\"col-md-6\">\n<div class=\"titleRegiao2\">GEOPARK<\/div>\n<div class=\"p-texto\">Oleiros liegt im Gebiet des Naturtejo, dank beeindruckender geologische Beweise stammen aus au\u00dfergew\u00f6hnlichen Inventarwert Geosites. Besuchen Sie die Webseite von Portelo oder Pedreira da Penha Alta, mit seinen Spurenfossilien oder Quarzitk\u00e4mme Zebro und Orvalho, die atemberaubend Sehensw\u00fcrdigkeiten anbieten. Entdecken Sie Fraga de \u00c1gua d&#8217;Alta, der gr\u00f6\u00dfte Wasserfall von Beira Baixa, Garganta Epig\u00e9nica da Malhada Velha oder genie\u00dfen Sie die Freiheit\/Feinheit vom Z\u00eazere.<\/div>\n<\/div>\n<div class=\"col-md-6\"><img class=\"img-responsive\" src=\"https:\/\/campingoleiros.com\/portal\/wp-content\/uploads\/2016\/08\/regiao-geopark800x536.jpg\" alt=\"geopark pinhal interior\" \/><\/div>\n<\/div>\n<div class=\"row app\">\n<div class=\"col-md-12\"><\/div>\n<div class=\"col-md-6\">\n<div class=\"col-md-12\"><\/div>\n<\/div>\n<\/div>\n","protected":false},"excerpt":{"rendered":"<p>Wir liegen geografisch in der Mitte von Portugal, einem gro\u00dfen \u201eTannenfleck\u201c der sich in die Weite der Landschaft ausbreitet. Zwischen den grandiosen Quarzgipfeln der Sierras Moradal, Alvelos und tiefen T\u00e4lern, gegraben im Laufe des Jahrtausende, durch zahlreiche Wasserl\u00e4ufe, welche den Z\u00eazere anschwellen lassen. Laden Sie die Anwendung OleirosXplore und haben Sein einen \u00dcberblick \u00fcber alle [&hellip;]<\/p>\n","protected":false},"author":2,"featured_media":0,"parent":0,"menu_order":0,"comment_status":"closed","ping_status":"closed","template":"template-fullwidth.php","meta":[],"_links":{"self":[{"href":"https:\/\/campingoleiros.com\/portal\/wp-json\/wp\/v2\/pages\/925"}],"collection":[{"href":"https:\/\/campingoleiros.com\/portal\/wp-json\/wp\/v2\/pages"}],"about":[{"href":"https:\/\/campingoleiros.com\/portal\/wp-json\/wp\/v2\/types\/page"}],"author":[{"embeddable":true,"href":"https:\/\/campingoleiros.com\/portal\/wp-json\/wp\/v2\/users\/2"}],"replies":[{"embeddable":true,"href":"https:\/\/campingoleiros.com\/portal\/wp-json\/wp\/v2\/comments?post=925"}],"version-history":[{"count":6,"href":"https:\/\/campingoleiros.com\/portal\/wp-json\/wp\/v2\/pages\/925\/revisions"}],"predecessor-version":[{"id":1438,"href":"https:\/\/campingoleiros.com\/portal\/wp-json\/wp\/v2\/pages\/925\/revisions\/1438"}],"wp:attachment":[{"href":"https:\/\/campingoleiros.com\/portal\/wp-json\/wp\/v2\/media?parent=925"}],"curies":[{"name":"wp","href":"https:\/\/api.w.org\/{rel}","templated":true}]}}