{"id":919,"date":"2017-03-28T16:26:50","date_gmt":"2017-03-28T16:26:50","guid":{"rendered":"https:\/\/campingoleiros.com\/portal\/?page_id=919"},"modified":"2025-07-10T20:58:43","modified_gmt":"2025-07-10T20:58:43","slug":"fluss-strand","status":"publish","type":"page","link":"https:\/\/campingoleiros.com\/portal\/de\/fluss-strand\/","title":{"rendered":"Fluss-Strand"},"content":{"rendered":"<div class=\"row\">\n<div class=\"col-md-6\"><img loading=\"lazy\" class=\"img-responsive\" src=\"https:\/\/campingoleiros.com\/portal\/wp-content\/uploads\/2016\/05\/camping-oleiros-parque-infantil.jpg\" alt=\"Parque infantil\" width=\"600\" height=\"400\" \/><\/div>\n<div class=\"col-md-6\">\n<div class=\"col-xs-12\">\n<div class=\"col-xs-1 circVermelho\"><\/div>\n<div class=\"col-xs-10 tituloLinha\">Spiel-Aktivit\u00e4ten<\/div>\n<\/div>\n<div class=\"p-texto\">Der Strand verf\u00fcgt \u00fcber einen permanenten Spielplatz und ein Beach-Volleyballfeld , aber w\u00e4hrend der Sommersaison bieten wir Ihnen ein abwechslungsreiches Unterhaltungsprogramm, das aufblasbare Matratzen, Outdoor-Fitness-Sport, Tanz, alles damit Sie viel Spa\u00df haben k\u00f6nnen.<\/p>\n<\/div>\n<\/div>\n<\/div>\n<div style=\"clear: both;\"><\/div>\n<div class=\"row espacamento\">\n<div class=\"col-md-6\">\n<div class=\"col-sm-12\">\n<div class=\" col-xs-1 circAmarelo\"><\/div>\n<div class=\"col-xs-10 tituloLinha\">Badesaison<\/div>\n<\/div>\n<div class=\"p-texto\">W\u00e4hrend der Badesaison wird der Strand \u00fcberwacht, ISN (Schutz der Seenotrettung Instituts ), kontrollierte Wasserqualit\u00e4t und Flagge &#8220;f\u00fcr zug\u00e4nglichen Strand &#8211; Strand f\u00fcr alle&#8221; vom Nationalen Institut f\u00fcr Rehabilitation ausgezeichnet, die portugiesische Agentur f\u00fcr Umwelt und Tourismus in Portugal.<\/div>\n<\/div>\n<div class=\"col-md-6\"><img loading=\"lazy\" class=\"img-responsive\" src=\"https:\/\/campingoleiros.com\/portal\/wp-content\/uploads\/2016\/05\/camping-oleiros-praia-fluvial.jpg\" alt=\"Praia Fluvial\" width=\"600\" height=\"400\" \/><\/div>\n<\/div>\n<div style=\"clear: both;\"><\/div>\n<div class=\"row espacamento\">\n<div class=\"col-md-6\"><img loading=\"lazy\" class=\"alignnone wp-image-709 size-full\" src=\"https:\/\/campingoleiros.com\/portal\/wp-content\/uploads\/2016\/05\/esplanada-fluvial.jpg\" alt=\"esplanada fluvial\" width=\"600\" height=\"450\" srcset=\"https:\/\/campingoleiros.com\/portal\/wp-content\/uploads\/2016\/05\/esplanada-fluvial.jpg 600w, https:\/\/campingoleiros.com\/portal\/wp-content\/uploads\/2016\/05\/esplanada-fluvial-300x225.jpg 300w\" sizes=\"(max-width: 600px) 100vw, 600px\" \/><\/div>\n<div class=\"col-md-6\">\n<div class=\"col-xs-12\">\n<div class=\" col-xs-1 circVerde\"><\/div>\n<div class=\"col-xs-10 tituloLinha\">Gastst\u00e4tte\/Restaurants<\/div>\n<\/div>\n<div class=\"p-texto\">Am Strand finden Sie eine sch\u00f6ne Terrasse und eine Bar im Freien, die w\u00e4hrend der Badesaison ge\u00f6ffnet ist. Dort k\u00f6nnen Sie Eis, die k\u00fchlsten Sommer Getr\u00e4nke, Sandwiches und Snacks probieren, die auch f\u00fcr Kinder sehr geeignet sind. Oder Sie genie\u00dfen mit Freunde hei\u00dfe und vielf\u00e4ltige Snacks, die im Men\u00fc vorhanden sind.<\/div>\n<\/div>\n<\/div>\n","protected":false},"excerpt":{"rendered":"<p>Spiel-Aktivit\u00e4ten Der Strand verf\u00fcgt \u00fcber einen permanenten Spielplatz und ein Beach-Volleyballfeld , aber w\u00e4hrend der Sommersaison bieten wir Ihnen ein abwechslungsreiches Unterhaltungsprogramm, das aufblasbare Matratzen, Outdoor-Fitness-Sport, Tanz, alles damit Sie viel Spa\u00df haben k\u00f6nnen. Badesaison W\u00e4hrend der Badesaison wird der Strand \u00fcberwacht, ISN (Schutz der Seenotrettung Instituts ), kontrollierte Wasserqualit\u00e4t und Flagge &#8220;f\u00fcr zug\u00e4nglichen Strand [&hellip;]<\/p>\n","protected":false},"author":2,"featured_media":0,"parent":0,"menu_order":0,"comment_status":"closed","ping_status":"closed","template":"template-fullwidth.php","meta":[],"_links":{"self":[{"href":"https:\/\/campingoleiros.com\/portal\/wp-json\/wp\/v2\/pages\/919"}],"collection":[{"href":"https:\/\/campingoleiros.com\/portal\/wp-json\/wp\/v2\/pages"}],"about":[{"href":"https:\/\/campingoleiros.com\/portal\/wp-json\/wp\/v2\/types\/page"}],"author":[{"embeddable":true,"href":"https:\/\/campingoleiros.com\/portal\/wp-json\/wp\/v2\/users\/2"}],"replies":[{"embeddable":true,"href":"https:\/\/campingoleiros.com\/portal\/wp-json\/wp\/v2\/comments?post=919"}],"version-history":[{"count":2,"href":"https:\/\/campingoleiros.com\/portal\/wp-json\/wp\/v2\/pages\/919\/revisions"}],"predecessor-version":[{"id":3211,"href":"https:\/\/campingoleiros.com\/portal\/wp-json\/wp\/v2\/pages\/919\/revisions\/3211"}],"wp:attachment":[{"href":"https:\/\/campingoleiros.com\/portal\/wp-json\/wp\/v2\/media?parent=919"}],"curies":[{"name":"wp","href":"https:\/\/api.w.org\/{rel}","templated":true}]}}