{"id":916,"date":"2017-03-28T16:16:33","date_gmt":"2017-03-28T16:16:33","guid":{"rendered":"https:\/\/campingoleiros.com\/portal\/?page_id=916"},"modified":"2024-04-29T17:54:26","modified_gmt":"2024-04-29T17:54:26","slug":"unterkunft","status":"publish","type":"page","link":"https:\/\/campingoleiros.com\/portal\/de\/unterkunft\/","title":{"rendered":"Unterkunft"},"content":{"rendered":"<div class=\"row\">\n<div class=\"col-md-6\"><img loading=\"lazy\" class=\"img-responsive\" src=\"https:\/\/campingoleiros.com\/portal\/wp-content\/uploads\/2016\/05\/camping-oleiros-16.jpg\" alt=\"F\u00e9rias no pinhal Interior\" width=\"600\" height=\"400\"><\/div>\n<div class=\"col-md-6 call-text\">\n<h3 class=\"titulo-h3\">BUNGALOWS<\/h3>\n<p>Suchen Sie nach der einzigartigen Erfahrung, in der unglaubliche Natur die uns umgibt, wollen es aber nicht ohne den Komfort tun? Wir haben genau das f\u00fcr Sie! F\u00fcr glamping Liebhaber, schlagen wir vor, in unseren kleinen Waldh\u00e4user zu wohnen. Wir haben mit feiner Raffinesse und Liebe den Komfort erschaffen, den Sie brauchen um in Ruhe den Wald zu genie\u00dfen. Frisch und hell im Sommer, gem\u00fctlich und warm im Winter, ist jeder Bungalow einzigartig, entwickelt um die ruhige und entspannte Atmosph\u00e4re um uns herum zu atmen.<\/p>\n<\/div>\n<\/div>\n<div class=\"row\" style=\"margin-top: 30px;\">\n<div class=\"col-md-6 call-text\">\n<h3 class=\"titulo-h3\">CAMPING<\/h3>\n<p>M\u00f6chten Sie ein Abenteuer im Wald in seinem reinen Zustand erleben? Wir haben es! In unserem Camping und Wohnwagen Bereich, haben wir alle Ger\u00e4te, die Sie f\u00fcr das Leben im Freien brauchen. Wir haben eine Luxus-Umgebung mit Chill-Out Zone und Kinder Freizeitpl\u00e4tze erstellt, so dass sie nichts vermissen werden.<br \/>\nSchlafen Sie unter dem unendlichen Himmel ein. Wir bieten Sternenlicht, die ruhigen Kl\u00e4nge des Fluss Strands und die Brise in den B\u00e4umen, die uns beim einschalfen helfen. Wachen Sie aufgefrischt f\u00fcr Abenteuertage auf und akzeptieren Sie unsere Vorschl\u00e4ge f\u00fcr Aktivit\u00e4ten.<\/p>\n<\/div>\n<div class=\"col-md-6 call-text\"><img loading=\"lazy\" class=\"img-responsive\" src=\"https:\/\/campingoleiros.com\/portal\/wp-content\/uploads\/2016\/05\/camping-oleiros-campismo-84.jpg\" alt=\"Campismo no pinhal Interior\" width=\"600\" height=\"400\"><\/div>\n<div class=\"col-md-6\"><img loading=\"lazy\" class=\"img-responsive\" src=\"https:\/\/campingoleiros.com\/portal\/wp-content\/uploads\/2018\/10\/casa-hobbit-vermelha_6.jpg\" alt=\"F\u00e9rias no pinhal Interior\" width=\"600\" height=\"400\"><\/div>\n<div class=\"col-md-6 call-text\">\n<h3 class=\"titulo-h3\">HOBBIT H\u00c4USER<\/h3>\n<p>Kleine h\u00f6lzerne Hobbits H\u00e4user f\u00fcr Naturliebhaber, die nicht auf Komfort verzichten m\u00f6chten. Ausgestattet mit K\u00fcchenzeile und Doppelbett. Vom Au\u00dfenbalkon genie\u00dft man einen privilegierten Blick \u00fcber den Flussstrand.<\/p>\n<\/div>\n<\/div>\n<div class=\"row\" style=\"margin-top: 30px;\">\n<div class=\"col-md-6 call-text\">\n<h3 class=\"titulo-h3\">TINY HOUSE<\/h3>\n<p>Tiny House: eine einzigartige Art, mit der Natur in Kontakt zu sein Genie\u00dfen Sie ein einzigartiges Refugium, in dem Komfort auf Nachhaltigkeit trifft. Stellen Sie sich einen gem\u00fctlichen Raum vor und wachen Sie mit einem atemberaubenden Blick auf die Natur auf. Atmen Sie frische Luft ein und sp\u00fcren Sie die Ruhe der Umgebung. Wir bieten mehr als nur eine einfache Unterkunft, sondern den Kontakt mit der Natur mit dem Komfort des Glampings. Perfekt f\u00fcr Paare, Familien oder eine kleine Gruppe von Freunden, die einen erholsamen und erholsamen R\u00fcckzugsort suchen.<\/p>\n<\/div>\n<div class=\"col-md-6 call-text\"><img loading=\"lazy\" class=\"img-responsive alignnone wp-image-3030\" src=\"https:\/\/campingoleiros.com\/portal\/wp-content\/uploads\/2024\/04\/z_campingoleiros_tiny-house-28_final.png\" alt=\"\" width=\"600\" height=\"400\" srcset=\"https:\/\/campingoleiros.com\/portal\/wp-content\/uploads\/2024\/04\/z_campingoleiros_tiny-house-28_final.png 1200w, https:\/\/campingoleiros.com\/portal\/wp-content\/uploads\/2024\/04\/z_campingoleiros_tiny-house-28_final-300x200.png 300w, https:\/\/campingoleiros.com\/portal\/wp-content\/uploads\/2024\/04\/z_campingoleiros_tiny-house-28_final-1024x683.png 1024w\" sizes=\"(max-width: 600px) 100vw, 600px\" \/><\/div>\n<\/div>\n","protected":false},"excerpt":{"rendered":"<p>BUNGALOWS Suchen Sie nach der einzigartigen Erfahrung, in der unglaubliche Natur die uns umgibt, wollen es aber nicht ohne den Komfort tun? Wir haben genau das f\u00fcr Sie! F\u00fcr glamping Liebhaber, schlagen wir vor, in unseren kleinen Waldh\u00e4user zu wohnen. Wir haben mit feiner Raffinesse und Liebe den Komfort erschaffen, den Sie brauchen um in [&hellip;]<\/p>\n","protected":false},"author":2,"featured_media":0,"parent":0,"menu_order":0,"comment_status":"closed","ping_status":"closed","template":"","meta":[],"_links":{"self":[{"href":"https:\/\/campingoleiros.com\/portal\/wp-json\/wp\/v2\/pages\/916"}],"collection":[{"href":"https:\/\/campingoleiros.com\/portal\/wp-json\/wp\/v2\/pages"}],"about":[{"href":"https:\/\/campingoleiros.com\/portal\/wp-json\/wp\/v2\/types\/page"}],"author":[{"embeddable":true,"href":"https:\/\/campingoleiros.com\/portal\/wp-json\/wp\/v2\/users\/2"}],"replies":[{"embeddable":true,"href":"https:\/\/campingoleiros.com\/portal\/wp-json\/wp\/v2\/comments?post=916"}],"version-history":[{"count":6,"href":"https:\/\/campingoleiros.com\/portal\/wp-json\/wp\/v2\/pages\/916\/revisions"}],"predecessor-version":[{"id":3090,"href":"https:\/\/campingoleiros.com\/portal\/wp-json\/wp\/v2\/pages\/916\/revisions\/3090"}],"wp:attachment":[{"href":"https:\/\/campingoleiros.com\/portal\/wp-json\/wp\/v2\/media?parent=916"}],"curies":[{"name":"wp","href":"https:\/\/api.w.org\/{rel}","templated":true}]}}