{"id":301,"date":"2016-06-13T10:06:17","date_gmt":"2016-06-13T10:06:17","guid":{"rendered":"https:\/\/camping.incipit.pt\/?page_id=301"},"modified":"2021-02-20T01:40:08","modified_gmt":"2021-02-20T01:40:08","slug":"region-3","status":"publish","type":"page","link":"https:\/\/campingoleiros.com\/portal\/fr\/region-3\/","title":{"rendered":"R\u00e9gion"},"content":{"rendered":"<div class=\"row\">\n<div class=\"col-md-5\">\n<h3>Nous sommes situ\u00e9s dans le centre g\u00e9ographique du Portugal, un vaste territoire de pins qui s&#8217;\u00e9tend \u00e0 travers un paysage impressionnant qui comprend la splendeur des cr\u00eates de quartz des montagnes du Moradal et Alvelos et les vall\u00e9es profondes creus\u00e9es par l&#8217;ancienne persistance des ruisseaux d&#8217;eau qui agrandissent la rivi\u00e8re Z\u00eazere.<\/h3>\n<h3>Download l&#8217;application OleirosXplore et apprenez \u00e0 conna\u00eetre tous les points d&#8217;int\u00e9r\u00eat dans notre r\u00e9gion.<\/h3>\n<\/div>\n<div class=\"col-md-1 hidden-sm hidden-xs\">\n<div style=\"text-align: center;\"><img loading=\"lazy\" class=\"aligncenter size-full wp-image-142\" src=\"https:\/\/campingoleiros.com\/portal\/wp-content\/uploads\/2016\/05\/sep.png\" alt=\"sep\" width=\"20\" height=\"130\" \/><\/div>\n<\/div>\n<div class=\"col-md-6 p-texto \">Plongez dans l&#8217;int\u00e9rieur du Pinhal Interior, le centre vert du pays. Une zone r\u00e9gie par la nature, o\u00f9 prosp\u00e8rent les pins et les arbousiers. L\u00e0 o\u00f9 les cr\u00eates escarp\u00e9es de granit se d\u00e9tachent fi\u00e8rement d\u00e9finissant un paysage qui cache des vall\u00e9es et des ruisseaux clairs et pures. La Grande Route des Appalaches et d&#8217;autres sentiers qui accompagnent les m\u00e9andres de la rivi\u00e8re Z\u00eazere vous offrent une occasion unique de vous promener. Nous aimons la s\u00e9r\u00e9nit\u00e9 de l&#8217;observation des oiseaux et l&#8217;adr\u00e9naline du VTT. Pendant des si\u00e8cles nous avons conserv\u00e9 l&#8217;histoire grav\u00e9e dans le schiste et la riche gastronomie de la m\u00e9moire de nos grands-parents.<br \/>\n<strong><br \/>\nAcceptez notre invitation. Venez explorer! Notre h\u00e9ritage vous attend.<\/strong><\/div>\n<\/div>\n<div class=\"row\">\n<div class=\"col-md-3\">\n<div class=\"percursos-menu\">\n<div class=\"submenuLink\"><a href=\"#percursos\">Sentiers P\u00e9destres<\/a><\/div>\n<\/div>\n<\/div>\n<div class=\"col-md-3\">\n<div class=\"gastronomia-menu\">\n<div class=\"submenuLink\"><a href=\"#gastronomia\">Gastronomia<\/a><\/div>\n<\/div>\n<\/div>\n<div class=\"col-md-3\">\n<div class=\"monumentos-menu\">\n<div class=\"submenuLink\"><a href=\"#monumentos\">Monumentos<\/a><\/div>\n<\/div>\n<\/div>\n<div class=\"col-md-3\">\n<div class=\"geopark-menu\">\n<div class=\"submenuLink\"><a href=\"#geopark\">GeoPark<\/a><\/div>\n<\/div>\n<\/div>\n<\/div>\n<div style=\"clear: both;\"><\/div>\n<div class=\"row\" style=\"margin-left: 0; margin-right: 0; margin-top: 40px;\"><img class=\"aligncenter size-full wp-image-148\" src=\"https:\/\/campingoleiros.com\/portal\/wp-content\/uploads\/2016\/05\/seta-baixo.png\" alt=\"seta-baixo\" width=\"30%\" srcset=\"https:\/\/campingoleiros.com\/portal\/wp-content\/uploads\/2016\/05\/seta-baixo.png 606w, https:\/\/campingoleiros.com\/portal\/wp-content\/uploads\/2016\/05\/seta-baixo-300x67.png 300w\" sizes=\"(max-width: 606px) 100vw, 606px\" \/><\/div>\n<div id=\"percursos\" class=\"row\" style=\"margin-top: 100px;\">\n<div class=\"col-md-6\"><img class=\"img-responsive\" src=\"https:\/\/campingoleiros.com\/portal\/wp-content\/uploads\/2016\/08\/regiao-percursos.jpg\" alt=\"percursos Pinhal Interior GR38\" \/><\/div>\n<div class=\"col-md-6\">\n<div class=\"titleRegiao\">Sentiers P\u00e9destres<\/div>\n<div class=\"p-texto\">Autour de nous, vous trouverez plus de 100 km de sentiers p\u00e9destres, tous parfaitement identifi\u00e9s et balis\u00e9s, pour conna\u00eetre les secrets les mieux gard\u00e9s de la r\u00e9gion. Explorez la Grande Route des Appalaches (GR38), suivez notre section de la Grande Route de Z\u00eazere (GRZ) ou perdez-vous sur les routes locales (PR) d&#8217;Estreito, la route g\u00e9ologique Orvalho ou celle qui entoure le village de schiste historique d&#8217;\u00c1lvaro.<\/div>\n<\/div>\n<\/div>\n<div id=\"monumentos\" class=\"row\" style=\"margin-top: 40px;\">\n<div class=\"col-md-6\">\n<div class=\"titleRegiao2\">Monuments<\/div>\n<div class=\"p-texto\">Le village d\u2019\u00c1lvaro est une visite obligatoire. Le village de schiste peint en blanc, \u00c1lvaro appara\u00eet comme un mur blanc qui s&#8217;\u00e9tend dans un promontoire avec une vue imprenable sur les m\u00e9andres du Z\u00eazere. La g\u00e9ographie particuli\u00e8re du lieu lui donne un caract\u00e8re de forteresse imprenable mais cache \u00e9galement un patrimoine enviable de 7 chapelles et un pont romain ainsi que des signes de l&#8217;occupation des Templiers. La religiosit\u00e9 de notre peuple se manifeste encore dans les principales \u00e9glises et la Miseric\u00f3rdia de Oleiros ou l&#8217;\u00e9glise d&#8217;Estreito ont un int\u00e9r\u00eat particulier \u00e0 cause de leurs caract\u00e9ristiques architecturales.<\/div>\n<\/div>\n<div class=\"col-md-6\"><img class=\"img-responsive\" src=\"https:\/\/campingoleiros.com\/portal\/wp-content\/uploads\/2016\/08\/regiao-monumentos.jpg\" alt=\"Monumentos em Oleiros\" \/><\/div>\n<\/div>\n<div id=\"gastronomia\" class=\"row\" style=\"margin-top: 40px;\">\n<div class=\"col-md-6\"><img class=\"img-responsive\" src=\"https:\/\/campingoleiros.com\/portal\/wp-content\/uploads\/2016\/08\/regiao-gastronomia2.jpg\" alt=\"gastronomia do pinhal interior\" \/><\/div>\n<div class=\"col-md-6\">\n<div class=\"titleRegiao\">Cuisine<\/div>\n<div class=\"p-texto\">Nous sommes situ\u00e9s dans un territoire de grand patrimoine alimentaire o\u00f9 la cuisine traditionnelle locale est un r\u00e9gal et un moyen de garder vivante la m\u00e9moire et la connaissance de nos anc\u00eatres. L&#8217;exclusif \u00abcabrito estonado\u00bb (un plat local de ch\u00e8vre r\u00f4tie) se pr\u00e9sente comme le roi de notre cuisine, o\u00f9 les saucisses comme le \u00abmaranho\u00bb, le r\u00f4ti de boeuf et le lapin sont \u00e9galement mis en valeur. Les eaux de schiste des rivi\u00e8res fournissent \u00e9galement des truites et des bars grill\u00e9s. Sucrez votre repas avec des recettes faites \u00e0 la main de g\u00e2teau au miel, de bouillie de ma\u00efs, de filh\u00f3s et de tigelada. Osez go\u00fbter le Callum, un vin blanc exclusif d&#8217;Oleiros ou, si vous vous sentez aventureux, prenez une gorg\u00e9e de l&#8217;eau-de-vie traditionnelle de Medronho.<\/div>\n<\/div>\n<\/div>\n<div id=\"geopark\" class=\"row\" style=\"margin-top: 40px;\">\n<div class=\"col-md-6\">\n<div class=\"titleRegiao2\">G\u00e9oparc<\/div>\n<div class=\"p-texto\">En raison de l&#8217;ancien paysage de montagnes et de vall\u00e9es, Oleiros fait partie du territoire du G\u00e9oparc Naturtejo, gr\u00e2ce \u00e0 l&#8217;impressionnante preuve g\u00e9ologique qui a cr\u00e9e des g\u00e9osites d&#8217;une valeur patrimoniale exceptionnelle. Visitez le site de Portelo ou la carri\u00e8re de Penha Alta avec ses fossiles grav\u00e9s dans la pierre, ou les cr\u00eates de quartzite du Zebro et d&#8217;Orvalho qui offrent des points de vue \u00e0 couper le souffle. D\u00e9couvrez la Fraga de \u00c1gua d&#8217;Alta, la plus grande cascade de la r\u00e9gion, la gorge de Malhada Velha ou parcourez les m\u00e9andres de la rivi\u00e8re Z\u00eazere.<\/div>\n<\/div>\n<div class=\"col-md-6\"><img class=\"img-responsive\" src=\"https:\/\/campingoleiros.com\/portal\/wp-content\/uploads\/2016\/08\/regiao-geopark800x536.jpg\" alt=\"geopark pinhal interior\" \/><\/div>\n<\/div>\n<div class=\"row app\">\n<div class=\"col-md-12\"><\/div>\n<div class=\"col-md-6\">\n<div class=\"col-md-12\"><\/div>\n<\/div>\n<\/div>\n","protected":false},"excerpt":{"rendered":"<p>Nous sommes situ\u00e9s dans le centre g\u00e9ographique du Portugal, un vaste territoire de pins qui s&#8217;\u00e9tend \u00e0 travers un paysage impressionnant qui comprend la splendeur des cr\u00eates de quartz des montagnes du Moradal et Alvelos et les vall\u00e9es profondes creus\u00e9es par l&#8217;ancienne persistance des ruisseaux d&#8217;eau qui agrandissent la rivi\u00e8re Z\u00eazere. Download l&#8217;application OleirosXplore et [&hellip;]<\/p>\n","protected":false},"author":1,"featured_media":0,"parent":0,"menu_order":0,"comment_status":"closed","ping_status":"closed","template":"template-fullwidth.php","meta":[],"_links":{"self":[{"href":"https:\/\/campingoleiros.com\/portal\/wp-json\/wp\/v2\/pages\/301"}],"collection":[{"href":"https:\/\/campingoleiros.com\/portal\/wp-json\/wp\/v2\/pages"}],"about":[{"href":"https:\/\/campingoleiros.com\/portal\/wp-json\/wp\/v2\/types\/page"}],"author":[{"embeddable":true,"href":"https:\/\/campingoleiros.com\/portal\/wp-json\/wp\/v2\/users\/1"}],"replies":[{"embeddable":true,"href":"https:\/\/campingoleiros.com\/portal\/wp-json\/wp\/v2\/comments?post=301"}],"version-history":[{"count":3,"href":"https:\/\/campingoleiros.com\/portal\/wp-json\/wp\/v2\/pages\/301\/revisions"}],"predecessor-version":[{"id":1437,"href":"https:\/\/campingoleiros.com\/portal\/wp-json\/wp\/v2\/pages\/301\/revisions\/1437"}],"wp:attachment":[{"href":"https:\/\/campingoleiros.com\/portal\/wp-json\/wp\/v2\/media?parent=301"}],"curies":[{"name":"wp","href":"https:\/\/api.w.org\/{rel}","templated":true}]}}