{"id":2973,"date":"2024-01-13T18:26:28","date_gmt":"2024-01-13T18:26:28","guid":{"rendered":"https:\/\/campingoleiros.com\/portal\/?page_id=2973"},"modified":"2024-01-13T18:26:28","modified_gmt":"2024-01-13T18:26:28","slug":"co-financiamento","status":"publish","type":"page","link":"https:\/\/campingoleiros.com\/portal\/pt\/co-financiamento\/","title":{"rendered":"Co-financiamento"},"content":{"rendered":"\n<p><strong>Designa\u00e7\u00e3o do Projeto:<\/strong>\u00a0\u00a0Expans\u00e3o ou moderniza\u00e7\u00e3o de micro e pequenas empresas<\/p>\n\n\n\n<p><strong>C\u00f3digo do Projeto:<\/strong>\u00a0CENTRO-05-4740-FSE-001419\u00a0<\/p>\n\n\n\n<p><strong>Data Prevista de In\u00edcio:<\/strong>\u00a001\/11\/2020<br><br><strong>Data prevista de Conclus\u00e3o:<\/strong>\u00a030\/10\/2023<br><br><strong>Investimento Total:\u00a0<\/strong>195.274,80\u20ac<br><br>F<strong>inanciamento:\u00a0<\/strong>195 274.80<\/p>\n\n\n\n<p><strong>Breve descri\u00e7\u00e3o da opera\u00e7\u00e3o:\u00a0<\/strong>dinamiza\u00e7\u00e3o de atividades tur\u00edsticas em territ\u00f3rios de baixa densidade;<\/p>\n","protected":false},"excerpt":{"rendered":"<p>Designa\u00e7\u00e3o do Projeto:\u00a0\u00a0Expans\u00e3o ou moderniza\u00e7\u00e3o de micro e pequenas empresas C\u00f3digo do Projeto:\u00a0CENTRO-05-4740-FSE-001419\u00a0 Data Prevista de In\u00edcio:\u00a001\/11\/2020 Data prevista de Conclus\u00e3o:\u00a030\/10\/2023 Investimento Total:\u00a0195.274,80\u20ac Financiamento:\u00a0195 274.80 Breve descri\u00e7\u00e3o da opera\u00e7\u00e3o:\u00a0dinamiza\u00e7\u00e3o de atividades tur\u00edsticas em territ\u00f3rios de baixa densidade;<\/p>\n","protected":false},"author":2,"featured_media":0,"parent":0,"menu_order":0,"comment_status":"closed","ping_status":"closed","template":"","meta":[],"_links":{"self":[{"href":"https:\/\/campingoleiros.com\/portal\/wp-json\/wp\/v2\/pages\/2973"}],"collection":[{"href":"https:\/\/campingoleiros.com\/portal\/wp-json\/wp\/v2\/pages"}],"about":[{"href":"https:\/\/campingoleiros.com\/portal\/wp-json\/wp\/v2\/types\/page"}],"author":[{"embeddable":true,"href":"https:\/\/campingoleiros.com\/portal\/wp-json\/wp\/v2\/users\/2"}],"replies":[{"embeddable":true,"href":"https:\/\/campingoleiros.com\/portal\/wp-json\/wp\/v2\/comments?post=2973"}],"version-history":[{"count":1,"href":"https:\/\/campingoleiros.com\/portal\/wp-json\/wp\/v2\/pages\/2973\/revisions"}],"predecessor-version":[{"id":2974,"href":"https:\/\/campingoleiros.com\/portal\/wp-json\/wp\/v2\/pages\/2973\/revisions\/2974"}],"wp:attachment":[{"href":"https:\/\/campingoleiros.com\/portal\/wp-json\/wp\/v2\/media?parent=2973"}],"curies":[{"name":"wp","href":"https:\/\/api.w.org\/{rel}","templated":true}]}}