{"id":297,"date":"2016-06-13T09:55:28","date_gmt":"2016-06-13T09:55:28","guid":{"rendered":"https:\/\/camping.incipit.pt\/?page_id=297"},"modified":"2021-02-20T01:33:56","modified_gmt":"2021-02-20T01:33:56","slug":"region","status":"publish","type":"page","link":"https:\/\/campingoleiros.com\/portal\/en\/region\/","title":{"rendered":"Region"},"content":{"rendered":"<div class=\"row\">\n<div class=\"col-md-5\">\n<h3>We are set in the geographical centre of Portugal, a huge territory of pine tree that stretches through an impressive landscape that comprises the splendour of the quartz crests of the Moradal and Alvelos Mountains and the deep valleys excavated by the ancient persistence of the water streams that enlarge the Z\u00eazere river<\/h3>\n<h3>Download the OleirosXplore app and get to know all points of interest in our county.<\/h3>\n<\/div>\n<div class=\"col-md-1 hidden-sm hidden-xs\">\n<div style=\"text-align: center;\"><img loading=\"lazy\" class=\"aligncenter size-full wp-image-142\" src=\"https:\/\/campingoleiros.com\/portal\/wp-content\/uploads\/2016\/05\/sep.png\" alt=\"sep\" width=\"20\" height=\"130\" \/><\/div>\n<\/div>\n<div class=\"col-md-6 p-texto \">Plunge into the Pinhal Interior, the green centre of the country. An area ruled by nature, where pine and arbutus thrive. Where the steep ridges of granite stand out proudly defining a landscape that hide valleys of clear and untouched streams and brooks. The Great Appalachian Route and other footpaths that accompany the meanders of the river Z\u00eazere offer you a unique opportunity to stroll around. We love the serenity of birdwatching and the adrenaline of mountain biking. For centuries we have preserved history engraved in the shale and the rich gastronomy of the memory of our grandparents.<br \/>\n<strong><br \/>\nAccept our invitation. Come and explore! Our heritage is waiting for you.<\/strong><\/div>\n<\/div>\n<div class=\"row\">\n<div class=\"col-md-3\">\n<div class=\"percursos-menu\">\n<div class=\"submenuLink\"><a href=\"#percursos\">WALKING ROUTES<\/a><\/div>\n<\/div>\n<\/div>\n<div class=\"col-md-3\">\n<div class=\"gastronomia-menu\">\n<div class=\"submenuLink\"><a href=\"#gastronomia\">FOOD<\/a><\/div>\n<\/div>\n<\/div>\n<div class=\"col-md-3\">\n<div class=\"monumentos-menu\">\n<div class=\"submenuLink\"><a href=\"#monumentos\">MONUMENTS<\/a><\/div>\n<\/div>\n<\/div>\n<div class=\"col-md-3\">\n<div class=\"geopark-menu\">\n<div class=\"submenuLink\"><a href=\"#geopark\">GeoPark<\/a><\/div>\n<\/div>\n<\/div>\n<\/div>\n<div style=\"clear: both;\"><\/div>\n<div class=\"row\" style=\"margin-left: 0; margin-right: 0; margin-top: 40px;\"><img class=\"aligncenter size-full wp-image-148\" src=\"https:\/\/campingoleiros.com\/portal\/wp-content\/uploads\/2016\/05\/seta-baixo.png\" alt=\"seta-baixo\" width=\"30%\" srcset=\"https:\/\/campingoleiros.com\/portal\/wp-content\/uploads\/2016\/05\/seta-baixo.png 606w, https:\/\/campingoleiros.com\/portal\/wp-content\/uploads\/2016\/05\/seta-baixo-300x67.png 300w\" sizes=\"(max-width: 606px) 100vw, 606px\" \/><\/div>\n<div id=\"percursos\" class=\"row\" style=\"margin-top: 100px;\">\n<div class=\"col-md-6\"><img class=\"img-responsive\" src=\"https:\/\/campingoleiros.com\/portal\/wp-content\/uploads\/2016\/08\/regiao-percursos.jpg\" alt=\"percursos Pinhal Interior GR38\" \/><\/div>\n<div class=\"col-md-6\">\n<div class=\"titleRegiao\">WALKING ROUTES<\/div>\n<div class=\"p-texto\">Around us, you will find more than 100 km of walking routes, all perfectly identified and signposted, to get to know the best kept secrets of the county. Explore the Great Appalachian Route (GR38), follow our section of the Great Z\u00eazere Route (GRZ) or get lost on the local routes (PR) of Estreito, the Orvalho geological route or the one surrounding the historical shale village of \u00c1lvaro.<\/div>\n<\/div>\n<\/div>\n<div id=\"monumentos\" class=\"row\" style=\"margin-top: 40px;\">\n<div class=\"col-md-6\">\n<div class=\"titleRegiao2\">MONUMENTS<\/div>\n<div class=\"p-texto\">\u00c1lvaro is mandatory visit. The shale village painted white, \u00c1lvaro appears like a white wall that extends in a promontory with a breathtaking view over the meanders of the Z\u00eazere. The peculiar geography of the place gives it a character of impregnable fortress but it also hides an enviable heritage of 7 chapels and a Roman bridge as well as signs of the Templar occupation. The religiosity of our people still manifests itself in the main churches and the Miseric\u00f3rdia de Oleiros or the Church of Estreito are of particular interest due to their architectural features.<\/div>\n<\/div>\n<div class=\"col-md-6\"><img class=\"img-responsive\" src=\"https:\/\/campingoleiros.com\/portal\/wp-content\/uploads\/2016\/08\/regiao-monumentos.jpg\" alt=\"Monumentos em Oleiros\" \/><\/div>\n<\/div>\n<div id=\"gastronomia\" class=\"row\" style=\"margin-top: 40px;\">\n<div class=\"col-md-6\"><img class=\"img-responsive\" src=\"https:\/\/campingoleiros.com\/portal\/wp-content\/uploads\/2016\/08\/regiao-gastronomia2.jpg\" alt=\"gastronomia do pinhal interior\" \/><\/div>\n<div class=\"col-md-6\">\n<div class=\"titleRegiao\">FOOD<\/div>\n<div class=\"p-texto\">We are set in a territory of great food heritage where the traditional local cuisine is a treat and a way of keeping alive the memory and knowledge of our ancestors. The exclusive cabrito estonado (a local dish of roasted goat goat) stands as the king of our kitchen, where the sausages such as maranho, roast beef and rabbit are also highlighted. The shaley waters of the rivers also provide grilled trout and bass. Sweeten your meal with handmade recipes of honey cake, corn porridge, filh\u00f3s and tigelada . Dare to taste the Callum, an exclusive white wine of Oleiros or, if you feel adventurous, take a sip of the traditional brandy of Medronho.<\/div>\n<\/div>\n<\/div>\n<div id=\"geopark\" class=\"row\" style=\"margin-top: 40px;\">\n<div class=\"col-md-6\">\n<div class=\"titleRegiao2\">GEOPARK<\/div>\n<div class=\"p-texto\">Due to the ancient landscape of mountains and valleys, Oleiros is part of the territory of the Naturtejo Geopark, thanks to the impressive geological evidence that creates geosites of exceptional heritage value. Visit the Portelo site or the Penha Alta quarry with its fossils engraved in stone, or the quartzite ridges of the Zebro and Orvalho which offer breathtaking viewpoints. Discover the Fraga de \u00c1gua d&#8217;Alta, the largest waterfall in the region, the gorge of Malhada Velha or travel through the meanders of the Z\u00eazere river.<\/div>\n<\/div>\n<div class=\"col-md-6\"><img class=\"img-responsive\" src=\"https:\/\/campingoleiros.com\/portal\/wp-content\/uploads\/2016\/08\/regiao-geopark800x536.jpg\" alt=\"geopark pinhal interior\" \/><\/div>\n<\/div>\n<div class=\"row app\">\n<div class=\"col-md-12\"><\/div>\n<div class=\"col-md-6\">\n<div class=\"col-md-12\"><\/div>\n<\/div>\n<\/div>\n","protected":false},"excerpt":{"rendered":"<p>We are set in the geographical centre of Portugal, a huge territory of pine tree that stretches through an impressive landscape that comprises the splendour of the quartz crests of the Moradal and Alvelos Mountains and the deep valleys excavated by the ancient persistence of the water streams that enlarge the Z\u00eazere river Download the [&hellip;]<\/p>\n","protected":false},"author":1,"featured_media":0,"parent":0,"menu_order":0,"comment_status":"closed","ping_status":"closed","template":"template-fullwidth.php","meta":[],"_links":{"self":[{"href":"https:\/\/campingoleiros.com\/portal\/wp-json\/wp\/v2\/pages\/297"}],"collection":[{"href":"https:\/\/campingoleiros.com\/portal\/wp-json\/wp\/v2\/pages"}],"about":[{"href":"https:\/\/campingoleiros.com\/portal\/wp-json\/wp\/v2\/types\/page"}],"author":[{"embeddable":true,"href":"https:\/\/campingoleiros.com\/portal\/wp-json\/wp\/v2\/users\/1"}],"replies":[{"embeddable":true,"href":"https:\/\/campingoleiros.com\/portal\/wp-json\/wp\/v2\/comments?post=297"}],"version-history":[{"count":3,"href":"https:\/\/campingoleiros.com\/portal\/wp-json\/wp\/v2\/pages\/297\/revisions"}],"predecessor-version":[{"id":1434,"href":"https:\/\/campingoleiros.com\/portal\/wp-json\/wp\/v2\/pages\/297\/revisions\/1434"}],"wp:attachment":[{"href":"https:\/\/campingoleiros.com\/portal\/wp-json\/wp\/v2\/media?parent=297"}],"curies":[{"name":"wp","href":"https:\/\/api.w.org\/{rel}","templated":true}]}}