{"id":291,"date":"2016-06-13T09:45:10","date_gmt":"2016-06-13T09:45:10","guid":{"rendered":"https:\/\/camping.incipit.pt\/?page_id=291"},"modified":"2025-07-10T20:58:12","modified_gmt":"2025-07-10T20:58:12","slug":"plage-riviere-acude-pinto","status":"publish","type":"page","link":"https:\/\/campingoleiros.com\/portal\/fr\/plage-riviere-acude-pinto\/","title":{"rendered":"Plage De La Rivi\u00e8re"},"content":{"rendered":"<div class=\"row\">\n<div class=\"col-md-6\"><img loading=\"lazy\" class=\"img-responsive\" src=\"https:\/\/campingoleiros.com\/portal\/wp-content\/uploads\/2016\/05\/camping-oleiros-parque-infantil.jpg\" alt=\"Parque infantil\" width=\"600\" height=\"400\" \/><\/div>\n<div class=\"col-md-6\">\n<div class=\"col-xs-12\">\n<div class=\"col-xs-1 circVermelho\"><\/div>\n<div class=\"col-xs-10 tituloLinha\">LOISIRS<\/div>\n<\/div>\n<div class=\"p-texto\">Les installations de la plage comprennent une aire de jeux pour enfants et un terrain de beach-volley. Cependant, pendant la saison baln\u00e9aire, nous offrons un vaste programme d&#8217;animations qui comprend des structures gonflables, des cours de conditionnement physique en plein air, de la danse et d&#8217;autres options pour profiter de quelques jours de vie active en plein air.<\/p>\n<\/div>\n<\/div>\n<\/div>\n<div style=\"clear: both;\"><\/div>\n<div class=\"row espacamento\">\n<div class=\"col-md-6\">\n<div class=\"col-sm-12\">\n<div class=\" col-xs-1 circAmarelo\"><\/div>\n<div class=\"col-xs-10 tituloLinha\">Saison de baignade<\/div>\n<\/div>\n<div class=\"p-texto\">Pendant la saison baln\u00e9aire, la plage est surveill\u00e9e par l&#8217;ISN (autorit\u00e9 portugaise des sauveteurs), la qualit\u00e9 de l&#8217;eau est surveill\u00e9e r\u00e9guli\u00e8rement et le drapeau \u00abplage accessible &#8211; plage pour tous\u00bb d\u00e9cern\u00e9 par l&#8217;Institut National de R\u00e9habilitation, l&#8217;Agence portugaise pour l&#8217;environnement et le Bureau de Tourisme du Portugal.<\/div>\n<\/div>\n<div class=\"col-md-6\"><img loading=\"lazy\" class=\"img-responsive\" src=\"https:\/\/campingoleiros.com\/portal\/wp-content\/uploads\/2016\/05\/camping-oleiros-praia-fluvial.jpg\" alt=\"Praia Fluvial\" width=\"600\" height=\"400\" \/><\/div>\n<\/div>\n<div style=\"clear: both;\"><\/div>\n<div class=\"row espacamento\">\n<div class=\"col-md-6\"><img loading=\"lazy\" class=\"alignnone wp-image-709 size-full\" src=\"https:\/\/campingoleiros.com\/portal\/wp-content\/uploads\/2016\/05\/esplanada-fluvial.jpg\" alt=\"esplanada fluvial\" width=\"600\" height=\"450\" srcset=\"https:\/\/campingoleiros.com\/portal\/wp-content\/uploads\/2016\/05\/esplanada-fluvial.jpg 600w, https:\/\/campingoleiros.com\/portal\/wp-content\/uploads\/2016\/05\/esplanada-fluvial-300x225.jpg 300w\" sizes=\"(max-width: 600px) 100vw, 600px\" \/><\/div>\n<div class=\"col-md-6\">\n<div class=\"col-xs-12\">\n<div class=\" col-xs-1 circVerde\"><\/div>\n<div class=\"col-xs-10 tituloLinha\">Service De Restaurant<\/div>\n<\/div>\n<div class=\"p-texto\">Sur la plage de la rivi\u00e8re, vous trouverez une terrasse calme et agr\u00e9able et un bar ext\u00e9rieur ouvert pendant la saison baln\u00e9aire. Vous y trouverez des glaces et des boissons fra\u00eeches en \u00e9t\u00e9, des collations traditionnelles ou des sandwichs bien connus que les enfants pr\u00e9f\u00e8rent. Tout est pr\u00eat pour profiter d&#8217;un bon repas \u00e0 choisir dans le menu.<\/div>\n<\/div>\n<\/div>\n","protected":false},"excerpt":{"rendered":"<p>LOISIRS Les installations de la plage comprennent une aire de jeux pour enfants et un terrain de beach-volley. Cependant, pendant la saison baln\u00e9aire, nous offrons un vaste programme d&#8217;animations qui comprend des structures gonflables, des cours de conditionnement physique en plein air, de la danse et d&#8217;autres options pour profiter de quelques jours de vie [&hellip;]<\/p>\n","protected":false},"author":1,"featured_media":0,"parent":0,"menu_order":0,"comment_status":"closed","ping_status":"closed","template":"template-fullwidth.php","meta":[],"_links":{"self":[{"href":"https:\/\/campingoleiros.com\/portal\/wp-json\/wp\/v2\/pages\/291"}],"collection":[{"href":"https:\/\/campingoleiros.com\/portal\/wp-json\/wp\/v2\/pages"}],"about":[{"href":"https:\/\/campingoleiros.com\/portal\/wp-json\/wp\/v2\/types\/page"}],"author":[{"embeddable":true,"href":"https:\/\/campingoleiros.com\/portal\/wp-json\/wp\/v2\/users\/1"}],"replies":[{"embeddable":true,"href":"https:\/\/campingoleiros.com\/portal\/wp-json\/wp\/v2\/comments?post=291"}],"version-history":[{"count":3,"href":"https:\/\/campingoleiros.com\/portal\/wp-json\/wp\/v2\/pages\/291\/revisions"}],"predecessor-version":[{"id":3210,"href":"https:\/\/campingoleiros.com\/portal\/wp-json\/wp\/v2\/pages\/291\/revisions\/3210"}],"wp:attachment":[{"href":"https:\/\/campingoleiros.com\/portal\/wp-json\/wp\/v2\/media?parent=291"}],"curies":[{"name":"wp","href":"https:\/\/api.w.org\/{rel}","templated":true}]}}