{"id":289,"date":"2016-06-13T09:44:38","date_gmt":"2016-06-13T09:44:38","guid":{"rendered":"https:\/\/camping.incipit.pt\/?page_id=289"},"modified":"2025-07-10T20:57:56","modified_gmt":"2025-07-10T20:57:56","slug":"playa-fluvial-acude-pinto","status":"publish","type":"page","link":"https:\/\/campingoleiros.com\/portal\/es\/playa-fluvial-acude-pinto\/","title":{"rendered":"PLAYA FLUVIAL A\u00c7UDE PINTO"},"content":{"rendered":"<div class=\"row\">\n<div class=\"col-md-6\">\n<div class=\"row\">\n<div class=\"col-md-6\"><img loading=\"lazy\" class=\"img-responsive\" src=\"https:\/\/campingoleiros.com\/portal\/wp-content\/uploads\/2016\/05\/camping-oleiros-parque-infantil.jpg\" alt=\"Parque infantil\" width=\"600\" height=\"400\" \/><\/div>\n<div class=\"col-md-6\">\n<div class=\"col-xs-12\">\n<div class=\"col-xs-1 circVermelho\"><\/div>\n<div class=\"col-xs-10 tituloLinha\">Tiempo libre<\/div>\n<\/div>\n<div class=\"p-texto\">Las instalaciones de la playa del r\u00edo comprenden un parque infantil y una cancha de voleibol de playa. Sin embargo, durante la temporada de ba\u00f1o, ofrecemos un amplio programa de entretenimiento que incluye inflables, clases de ejercicio al aire libre, baile y otras opciones para disfrutar de unos d\u00edas de vida activa al aire libre.<\/p>\n<\/div>\n<\/div>\n<\/div>\n<div style=\"clear: both;\"><\/div>\n<div class=\"row espacamento\">\n<div class=\"col-md-6\">\n<div class=\"col-sm-12\">\n<div class=\" col-xs-1 circAmarelo\"><\/div>\n<div class=\"col-xs-10 tituloLinha\">Temporada de ba\u00f1o<\/div>\n<\/div>\n<div class=\"p-texto\">Durante la temporada de ba\u00f1o, la playa est\u00e1 supervisada por la ISN (autoridad portuguesa de salvavidas), la calidad del agua se monitorea regularmente y la bandera &#8220;playa accesible para todos&#8221; otorgada por el Instituto Nacional de Reabilita\u00e7\u00e3o, la Ag\u00eancia Portuguesa de Meio Ambiente y\u00a0la Oficina de Turismo portuguesa.<\/div>\n<\/div>\n<div class=\"col-md-6\"><img loading=\"lazy\" class=\"img-responsive\" src=\"https:\/\/campingoleiros.com\/portal\/wp-content\/uploads\/2016\/05\/camping-oleiros-praia-fluvial.jpg\" alt=\"Praia Fluvial\" width=\"600\" height=\"400\" \/><\/div>\n<\/div>\n<div style=\"clear: both;\"><\/div>\n<div class=\"row espacamento\">\n<div class=\"col-md-6\"><img loading=\"lazy\" class=\"alignnone wp-image-709 size-full\" src=\"https:\/\/campingoleiros.com\/portal\/wp-content\/uploads\/2016\/05\/esplanada-fluvial.jpg\" alt=\"esplanada fluvial\" width=\"600\" height=\"450\" srcset=\"https:\/\/campingoleiros.com\/portal\/wp-content\/uploads\/2016\/05\/esplanada-fluvial.jpg 600w, https:\/\/campingoleiros.com\/portal\/wp-content\/uploads\/2016\/05\/esplanada-fluvial-300x225.jpg 300w\" sizes=\"(max-width: 600px) 100vw, 600px\" \/><\/div>\n<div class=\"col-md-6\">\n<div class=\"col-xs-12\">\n<div class=\" col-xs-1 circVerde\"><\/div>\n<div class=\"col-xs-10 tituloLinha\">Restauraci\u00f3n<\/div>\n<\/div>\n<div class=\"p-texto\">En la playa fluvial encontrar\u00e1 una terraza tranquila y agradable y un bar al aire libre abierto durante la temporada de ba\u00f1o. All\u00ed puede encontrar helados y las bebidas m\u00e1s frescas de verano, los bocadillos tradicionales o los conocidos s\u00e1ndwiches que los ni\u00f1os prefieren. Todo est\u00e1 preparado para disfrutar de una buena comida a elegir del men\u00fa.<\/div>\n<\/div>\n<\/div>\n<\/div>\n<\/div>\n<div class=\"row\" style=\"margin-top: 30px;\"><\/div>\n<div class=\"col-md-6\"><\/div>\n","protected":false},"excerpt":{"rendered":"<p>Tiempo libre Las instalaciones de la playa del r\u00edo comprenden un parque infantil y una cancha de voleibol de playa. Sin embargo, durante la temporada de ba\u00f1o, ofrecemos un amplio programa de entretenimiento que incluye inflables, clases de ejercicio al aire libre, baile y otras opciones para disfrutar de unos d\u00edas de vida activa al [&hellip;]<\/p>\n","protected":false},"author":1,"featured_media":0,"parent":0,"menu_order":0,"comment_status":"closed","ping_status":"closed","template":"template-fullwidth.php","meta":[],"_links":{"self":[{"href":"https:\/\/campingoleiros.com\/portal\/wp-json\/wp\/v2\/pages\/289"}],"collection":[{"href":"https:\/\/campingoleiros.com\/portal\/wp-json\/wp\/v2\/pages"}],"about":[{"href":"https:\/\/campingoleiros.com\/portal\/wp-json\/wp\/v2\/types\/page"}],"author":[{"embeddable":true,"href":"https:\/\/campingoleiros.com\/portal\/wp-json\/wp\/v2\/users\/1"}],"replies":[{"embeddable":true,"href":"https:\/\/campingoleiros.com\/portal\/wp-json\/wp\/v2\/comments?post=289"}],"version-history":[{"count":6,"href":"https:\/\/campingoleiros.com\/portal\/wp-json\/wp\/v2\/pages\/289\/revisions"}],"predecessor-version":[{"id":3209,"href":"https:\/\/campingoleiros.com\/portal\/wp-json\/wp\/v2\/pages\/289\/revisions\/3209"}],"wp:attachment":[{"href":"https:\/\/campingoleiros.com\/portal\/wp-json\/wp\/v2\/media?parent=289"}],"curies":[{"name":"wp","href":"https:\/\/api.w.org\/{rel}","templated":true}]}}