{"id":209,"date":"2016-05-30T10:52:35","date_gmt":"2016-05-30T10:52:35","guid":{"rendered":"https:\/\/camping.incipit.pt\/?page_id=209"},"modified":"2024-04-29T17:53:03","modified_gmt":"2024-04-29T17:53:03","slug":"alojamiento-home","status":"publish","type":"page","link":"https:\/\/campingoleiros.com\/portal\/es\/alojamiento-home\/","title":{"rendered":"alojamiento Home"},"content":{"rendered":"<div class=\"row\">\n<div class=\"col-md-6\"><img loading=\"lazy\" class=\"img-responsive\" src=\"https:\/\/campingoleiros.com\/portal\/wp-content\/uploads\/2016\/05\/camping-oleiros-16.jpg\" alt=\"F\u00e9rias no pinhal Interior\" width=\"600\" height=\"400\" \/><\/div>\n<div class=\"col-md-6 call-text\">\n<h3 class=\"titulo-h3\">BUNGALOWS<\/h3>\n<p>\u00bfBusca la experiencia \u00fanica de vivir en pleno la incre\u00edble naturaleza que nos rodea, pero no quiere prescindir del confort? \u00a1Nosotros tenemos! Para los amantes del glamping, proponemos que viva en nuestras peque\u00f1as casas del bosque. Pusimos todo el requinte y atenci\u00f3n para darle la comodidad que necesita para descansar y saborear el bosque. Fresas y luminosas en verano, c\u00e1lidas y c\u00e1lidas en invierno, cada caba\u00f1a es \u00fanica y pensada para respirar la atm\u00f3sfera tranquila y relajante que nos rodea.<\/p>\n<\/div>\n<\/div>\n<div class=\"row\" style=\"margin-top: 30px;\">\n<div class=\"col-md-6 call-text\">\n<h3 class=\"titulo-h3\">CAMPING<\/h3>\n<p>\u00bfQuieres vivir la experiencia de una aventura en el bosque en estado puro? \u00a1Nosotros tenemos! En nuestra zona de camping y caravanas, tenemos todos los equipos que necesita para la vida al aire libre. Creamos un ambiente de lujo para envolver, con espacios de chill out y de ocio para los ni\u00f1os, para que no sienta la falta de nada.<\/p>\n<p>Dormir bajo el cielo inmenso. Proporcionamos la luz de las estrellas, los sonidos tranquilos del agua de la playa fluvial y de la brisa en los \u00e1rboles para embalar. Despierte usted vigorizado para d\u00edas de aventura y acepte nuestras sugerencias de actividades.<\/p>\n<\/div>\n<div class=\"col-md-6 call-text\"><img loading=\"lazy\" class=\"img-responsive\" src=\"https:\/\/campingoleiros.com\/portal\/wp-content\/uploads\/2016\/05\/camping-oleiros-campismo-84.jpg\" alt=\"Campismo no pinhal Interior\" width=\"600\" height=\"400\" \/><\/div>\n<div class=\"col-md-6\"><img loading=\"lazy\" class=\"img-responsive\" src=\"https:\/\/campingoleiros.com\/portal\/wp-content\/uploads\/2018\/10\/casa-hobbit-vermelha_6.jpg\" alt=\"F\u00e9rias no pinhal Interior\" width=\"600\" height=\"400\" \/><\/div>\n<div class=\"col-md-6 call-text\">\n<h3 class=\"titulo-h3\">HOBBIT HOUSES<\/h3>\n<p>Peque\u00f1as casas de madera a la manera de las casitas de los Hobbits para amantes de la naturaleza que no abdican de la comodidad. Equipadas con cocina americana y cama de matrimonio. Desde el balc\u00f3n exterior podr\u00e1 disfrutar de una vista privilegiada sobre la playa fluvial.<\/p>\n<\/div>\n<\/div>\n<div class=\"row\" style=\"margin-top: 30px;\">\n<div class=\"col-md-6 call-text\">\n<h3 class=\"titulo-h3\">TINY HOUSE<\/h3>\n<p>Tiny House: una forma \u00fanica de estar en contacto con la naturaleza<br \/>\nDisfrute de un refugio \u00fanico donde el confort se une a la sostenibilidad.<br \/>\nImag\u00ednate en un espacio acogedor y despierta con impresionantes vistas de la naturaleza. Respire aire puro, sintiendo la tranquilidad del entorno que lo rodea.<br \/>\nM\u00e1s que un simple alojamiento, ofrecemos contacto con la naturaleza con la comodidad del glamping. Perfecto para parejas, familias o un peque\u00f1o grupo de amigos que buscan un retiro relajante y reconfortante.<\/p>\n<\/div>\n<div class=\"col-md-6 call-text\"><img loading=\"lazy\" class=\"img-responsive alignnone wp-image-3030\" src=\"https:\/\/campingoleiros.com\/portal\/wp-content\/uploads\/2024\/04\/z_campingoleiros_tiny-house-28_final.png\" alt=\"\" width=\"600\" height=\"400\" srcset=\"https:\/\/campingoleiros.com\/portal\/wp-content\/uploads\/2024\/04\/z_campingoleiros_tiny-house-28_final.png 1200w, https:\/\/campingoleiros.com\/portal\/wp-content\/uploads\/2024\/04\/z_campingoleiros_tiny-house-28_final-300x200.png 300w, https:\/\/campingoleiros.com\/portal\/wp-content\/uploads\/2024\/04\/z_campingoleiros_tiny-house-28_final-1024x683.png 1024w\" sizes=\"(max-width: 600px) 100vw, 600px\" \/><\/div>\n<\/div>\n","protected":false},"excerpt":{"rendered":"<p>BUNGALOWS \u00bfBusca la experiencia \u00fanica de vivir en pleno la incre\u00edble naturaleza que nos rodea, pero no quiere prescindir del confort? \u00a1Nosotros tenemos! Para los amantes del glamping, proponemos que viva en nuestras peque\u00f1as casas del bosque. Pusimos todo el requinte y atenci\u00f3n para darle la comodidad que necesita para descansar y saborear el bosque. [&hellip;]<\/p>\n","protected":false},"author":1,"featured_media":0,"parent":0,"menu_order":0,"comment_status":"closed","ping_status":"closed","template":"","meta":[],"_links":{"self":[{"href":"https:\/\/campingoleiros.com\/portal\/wp-json\/wp\/v2\/pages\/209"}],"collection":[{"href":"https:\/\/campingoleiros.com\/portal\/wp-json\/wp\/v2\/pages"}],"about":[{"href":"https:\/\/campingoleiros.com\/portal\/wp-json\/wp\/v2\/types\/page"}],"author":[{"embeddable":true,"href":"https:\/\/campingoleiros.com\/portal\/wp-json\/wp\/v2\/users\/1"}],"replies":[{"embeddable":true,"href":"https:\/\/campingoleiros.com\/portal\/wp-json\/wp\/v2\/comments?post=209"}],"version-history":[{"count":6,"href":"https:\/\/campingoleiros.com\/portal\/wp-json\/wp\/v2\/pages\/209\/revisions"}],"predecessor-version":[{"id":3086,"href":"https:\/\/campingoleiros.com\/portal\/wp-json\/wp\/v2\/pages\/209\/revisions\/3086"}],"wp:attachment":[{"href":"https:\/\/campingoleiros.com\/portal\/wp-json\/wp\/v2\/media?parent=209"}],"curies":[{"name":"wp","href":"https:\/\/api.w.org\/{rel}","templated":true}]}}