{"id":207,"date":"2016-05-30T10:34:37","date_gmt":"2016-05-30T10:34:37","guid":{"rendered":"https:\/\/camping.incipit.pt\/?page_id=207"},"modified":"2024-04-29T17:54:08","modified_gmt":"2024-04-29T17:54:08","slug":"hebergement-home","status":"publish","type":"page","link":"https:\/\/campingoleiros.com\/portal\/fr\/hebergement-home\/","title":{"rendered":"h\u00e9bergement home"},"content":{"rendered":"<div class=\"row\">\n<div class=\"col-md-6\"><img loading=\"lazy\" class=\"img-responsive\" src=\"https:\/\/campingoleiros.com\/portal\/wp-content\/uploads\/2016\/05\/camping-oleiros-16.jpg\" alt=\"F\u00e9rias no pinhal Interior\" width=\"600\" height=\"400\"><\/div>\n<div class=\"col-md-6 call-text\">\n<h3 class=\"titulo-h3\">BUNGALOWS<\/h3>\n<p>Cherchez-vous l&#8217;exp\u00e9rience distinctive de profiter pleinement de la nature incroyable qui nous entoure, mais vous n\u2019\u00eates pas pr\u00eats \u00e0 renoncer au confort? Arr\u00eate de regarder! Pour les amateurs de glamping, nous vous sugg\u00e9rons de d\u00e9couvrir nos maisons en bois dans la for\u00eat. Ils sont \u00e9quip\u00e9s avec tout le raffinement et le soin de fournir le confort dont vous avez besoin pour vous reposer et profiter de la vie en for\u00eat. Frais et lumineux en \u00e9t\u00e9, chaud et confortable en hiver, chaque chalet est unique et con\u00e7u pour ressentir l&#8217;atmosph\u00e8re calme et relaxante qui nous entoure.<\/p>\n<\/div>\n<\/div>\n<div class=\"row\" style=\"margin-top: 30px;\">\n<div class=\"col-md-6 call-text\">\n<h3 class=\"titulo-h3\">CAMPING<\/h3>\n<p>Voulez-vous vivre l&#8217;exp\u00e9rience d&#8217;une pure aventure en for\u00eat? Nous le fournissons! Dans notre zone de camping et caravaning, vous trouverez tout l&#8217;\u00e9quipement n\u00e9cessaire pour la vie en plein air. Nous avons pr\u00e9serv\u00e9 et cr\u00e9\u00e9 un environnement luxueux pour vous entourer, avec des espaces de d\u00e9tente et des espaces de loisirs pour les enfants, afin que vous ne manquiez de rien.<br \/>\nS&#8217;endormir sous le ciel immense. Nous fournissons la lumi\u00e8re des \u00e9toiles, les sons apaisants de l&#8217;eau de la plage de la rivi\u00e8re et la brise sur les arbres pour vous bercer. R\u00e9veillez-vous rafra\u00eechi pour des jours d&#8217;aventure et acceptez nos suggestions pour des activit\u00e9s inoubliables.<\/p>\n<\/div>\n<div class=\"col-md-6 call-text\"><img loading=\"lazy\" class=\"img-responsive\" src=\"https:\/\/campingoleiros.com\/portal\/wp-content\/uploads\/2016\/05\/camping-oleiros-campismo-84.jpg\" alt=\"Campismo no pinhal Interior\" width=\"600\" height=\"400\"><\/div>\n<div class=\"row\" style=\"margin-top: 30px;\">\n<div class=\"col-md-6\"><img loading=\"lazy\" class=\"img-responsive\" src=\"https:\/\/campingoleiros.com\/portal\/wp-content\/uploads\/2018\/10\/casa-hobbit-vermelha_6.jpg\" alt=\"F\u00e9rias no pinhal Interior\" width=\"600\" height=\"400\"><\/div>\n<div class=\"col-md-6 call-text\">\n<h3 class=\"titulo-h3\">MAISONS HOBBIT<\/h3>\n<p>Petites maisons en bois comme les cottages Hobbits pour les amoureux de la nature qui n&#8217;abandonnent pas le confort. Equip\u00e9es avec kitchenette et lit double. Du balcon ext\u00e9rieur, vous pouvez profiter d&#8217;une vue privil\u00e9gi\u00e9e sur la plage de la rivi\u00e8re.<\/p>\n<\/div>\n<\/div>\n<\/div>\n<div class=\"row\" style=\"margin-top: 30px;\">\n<div class=\"col-md-6 call-text\">\n<h3 class=\"titulo-h3\">TINY HOUSE<\/h3>\n<p>Tiny House : une fa\u00e7on unique d&#8217;\u00eatre en contact avec la nature<br \/>\nProfitez d&#8217;un refuge unique o\u00f9 le confort rencontre la durabilit\u00e9.<br \/>\nImaginez-vous dans un espace confortable et r\u00e9veillez-vous avec une vue imprenable sur la nature. Respirez de l&#8217;air frais et ressentez la tranquillit\u00e9 de l&#8217;environnement.<br \/>\nPlus qu&#8217;un simple h\u00e9bergement, nous offrons le contact avec la nature avec le confort du glamping. Parfait pour les couples, les familles ou un petit groupe d&#8217;amis \u00e0 la recherche d&#8217;une retraite relaxante et r\u00e9confortante.<\/p>\n<\/div>\n<div class=\"col-md-6 call-text\"><img loading=\"lazy\" class=\"img-responsive alignnone wp-image-3030\" src=\"https:\/\/campingoleiros.com\/portal\/wp-content\/uploads\/2024\/04\/z_campingoleiros_tiny-house-28_final.png\" alt=\"\" width=\"600\" height=\"400\" srcset=\"https:\/\/campingoleiros.com\/portal\/wp-content\/uploads\/2024\/04\/z_campingoleiros_tiny-house-28_final.png 1200w, https:\/\/campingoleiros.com\/portal\/wp-content\/uploads\/2024\/04\/z_campingoleiros_tiny-house-28_final-300x200.png 300w, https:\/\/campingoleiros.com\/portal\/wp-content\/uploads\/2024\/04\/z_campingoleiros_tiny-house-28_final-1024x683.png 1024w\" sizes=\"(max-width: 600px) 100vw, 600px\" \/><\/div>\n<\/div>\n","protected":false},"excerpt":{"rendered":"<p>BUNGALOWS Cherchez-vous l&#8217;exp\u00e9rience distinctive de profiter pleinement de la nature incroyable qui nous entoure, mais vous n\u2019\u00eates pas pr\u00eats \u00e0 renoncer au confort? Arr\u00eate de regarder! Pour les amateurs de glamping, nous vous sugg\u00e9rons de d\u00e9couvrir nos maisons en bois dans la for\u00eat. Ils sont \u00e9quip\u00e9s avec tout le raffinement et le soin de fournir [&hellip;]<\/p>\n","protected":false},"author":1,"featured_media":0,"parent":0,"menu_order":0,"comment_status":"closed","ping_status":"closed","template":"","meta":[],"_links":{"self":[{"href":"https:\/\/campingoleiros.com\/portal\/wp-json\/wp\/v2\/pages\/207"}],"collection":[{"href":"https:\/\/campingoleiros.com\/portal\/wp-json\/wp\/v2\/pages"}],"about":[{"href":"https:\/\/campingoleiros.com\/portal\/wp-json\/wp\/v2\/types\/page"}],"author":[{"embeddable":true,"href":"https:\/\/campingoleiros.com\/portal\/wp-json\/wp\/v2\/users\/1"}],"replies":[{"embeddable":true,"href":"https:\/\/campingoleiros.com\/portal\/wp-json\/wp\/v2\/comments?post=207"}],"version-history":[{"count":6,"href":"https:\/\/campingoleiros.com\/portal\/wp-json\/wp\/v2\/pages\/207\/revisions"}],"predecessor-version":[{"id":3088,"href":"https:\/\/campingoleiros.com\/portal\/wp-json\/wp\/v2\/pages\/207\/revisions\/3088"}],"wp:attachment":[{"href":"https:\/\/campingoleiros.com\/portal\/wp-json\/wp\/v2\/media?parent=207"}],"curies":[{"name":"wp","href":"https:\/\/api.w.org\/{rel}","templated":true}]}}