{"id":106,"date":"2016-05-17T16:57:51","date_gmt":"2016-05-17T16:57:51","guid":{"rendered":"https:\/\/camping.incipit.pt\/?page_id=106"},"modified":"2025-07-10T20:57:30","modified_gmt":"2025-07-10T20:57:30","slug":"praia-fluvial-do-acude-pinto-2","status":"publish","type":"page","link":"https:\/\/campingoleiros.com\/portal\/pt\/praia-fluvial-do-acude-pinto-2\/","title":{"rendered":"PRAIA FLUVIAL"},"content":{"rendered":"<div class=\"row\">\n<div class=\"col-md-6\"><img loading=\"lazy\" class=\"img-responsive\" src=\"https:\/\/campingoleiros.com\/portal\/wp-content\/uploads\/2016\/05\/camping-oleiros-parque-infantil.jpg\" alt=\"Parque infantil\" width=\"600\" height=\"400\" \/><\/div>\n<div class=\"col-md-6\">\n<div class=\"col-xs-12\">\n<div class=\"col-xs-1 circVermelho\"><\/div>\n<div class=\"col-xs-10 tituloLinha\">Atividades L\u00fadicas<\/div>\n<\/div>\n<div class=\"p-texto\">A praia disp\u00f5e de um parque infantil permanente e um campo de v\u00f3lei de praia, mas na \u00e9poca balnear oferecemos-lhe um calend\u00e1rio de anima\u00e7\u00e3o variado que inclui insufl\u00e1veis, aulas de gin\u00e1stica ao ar livre, dan\u00e7a, tudo para que possa escolher divertir-se de uma forma mais ativa.<\/p>\n<\/div>\n<\/div>\n<\/div>\n<div style=\"clear: both;\"><\/div>\n<div class=\"row espacamento\">\n<div class=\"col-md-6\">\n<div class=\"col-sm-12\">\n<div class=\" col-xs-1 circAmarelo\"><\/div>\n<div class=\"col-xs-10 tituloLinha\">\u00c9poca Balnear<\/div>\n<\/div>\n<div class=\"p-texto\">Durante a \u00e9poca balnear, a praia tem vigil\u00e2ncia do ISN (Instituto de Socorros a N\u00e1ufragos), qualidade da \u00e1gua vigiada e bandeira \u201cpraia acess\u00edvel \u2013 praia para todos\u201d atribu\u00eddo pelo Instituto Nacional para a Reabilita\u00e7\u00e3o, a Ag\u00eancia Portuguesa do Ambiente e o Turismo de Portugal.<\/div>\n<\/div>\n<div class=\"col-md-6\"><img loading=\"lazy\" class=\"img-responsive\" src=\"https:\/\/campingoleiros.com\/portal\/wp-content\/uploads\/2016\/05\/camping-oleiros-praia-fluvial.jpg\" alt=\"Praia Fluvial\" width=\"600\" height=\"400\" \/><\/div>\n<\/div>\n<div style=\"clear: both;\"><\/div>\n<div class=\"row espacamento\">\n<div class=\"col-md-6\"><img loading=\"lazy\" class=\"alignnone wp-image-709 size-full\" src=\"https:\/\/campingoleiros.com\/portal\/wp-content\/uploads\/2016\/05\/esplanada-fluvial.jpg\" alt=\"esplanada fluvial\" width=\"600\" height=\"450\" srcset=\"https:\/\/campingoleiros.com\/portal\/wp-content\/uploads\/2016\/05\/esplanada-fluvial.jpg 600w, https:\/\/campingoleiros.com\/portal\/wp-content\/uploads\/2016\/05\/esplanada-fluvial-300x225.jpg 300w\" sizes=\"(max-width: 600px) 100vw, 600px\" \/><\/div>\n<div class=\"col-md-6\">\n<div class=\"col-xs-12\">\n<div class=\" col-xs-1 circVerde\"><\/div>\n<div class=\"col-xs-10 tituloLinha\">Restaura\u00e7\u00e3o<\/div>\n<\/div>\n<div class=\"p-texto\">Na praia encontra um agrad\u00e1vel espa\u00e7o de esplanada e bar ao ar livre que se encontra aberto durante a \u00e9poca balnear. A\u00ed pode encontrar gelados e as bebidas mais frescas de ver\u00e3o, sandes e lanches muito ao gosto das crian\u00e7as ou saborear com os amigos os variados petiscos quentes que a carta lhe oferece.<\/div>\n<\/div>\n<\/div>\n","protected":false},"excerpt":{"rendered":"<p>Atividades L\u00fadicas A praia disp\u00f5e de um parque infantil permanente e um campo de v\u00f3lei de praia, mas na \u00e9poca balnear oferecemos-lhe um calend\u00e1rio de anima\u00e7\u00e3o variado que inclui insufl\u00e1veis, aulas de gin\u00e1stica ao ar livre, dan\u00e7a, tudo para que possa escolher divertir-se de uma forma mais ativa. \u00c9poca Balnear Durante a \u00e9poca balnear, a [&hellip;]<\/p>\n","protected":false},"author":1,"featured_media":0,"parent":0,"menu_order":0,"comment_status":"closed","ping_status":"closed","template":"template-fullwidth.php","meta":[],"_links":{"self":[{"href":"https:\/\/campingoleiros.com\/portal\/wp-json\/wp\/v2\/pages\/106"}],"collection":[{"href":"https:\/\/campingoleiros.com\/portal\/wp-json\/wp\/v2\/pages"}],"about":[{"href":"https:\/\/campingoleiros.com\/portal\/wp-json\/wp\/v2\/types\/page"}],"author":[{"embeddable":true,"href":"https:\/\/campingoleiros.com\/portal\/wp-json\/wp\/v2\/users\/1"}],"replies":[{"embeddable":true,"href":"https:\/\/campingoleiros.com\/portal\/wp-json\/wp\/v2\/comments?post=106"}],"version-history":[{"count":48,"href":"https:\/\/campingoleiros.com\/portal\/wp-json\/wp\/v2\/pages\/106\/revisions"}],"predecessor-version":[{"id":3207,"href":"https:\/\/campingoleiros.com\/portal\/wp-json\/wp\/v2\/pages\/106\/revisions\/3207"}],"wp:attachment":[{"href":"https:\/\/campingoleiros.com\/portal\/wp-json\/wp\/v2\/media?parent=106"}],"curies":[{"name":"wp","href":"https:\/\/api.w.org\/{rel}","templated":true}]}}