{"id":101,"date":"2016-05-17T16:30:56","date_gmt":"2016-05-17T16:30:56","guid":{"rendered":"https:\/\/camping.incipit.pt\/?page_id=101"},"modified":"2021-02-20T01:31:02","modified_gmt":"2021-02-20T01:31:02","slug":"regiao","status":"publish","type":"page","link":"https:\/\/campingoleiros.com\/portal\/pt\/regiao\/","title":{"rendered":"Regi\u00e3o"},"content":{"rendered":"<div class=\"row\">\n<div class=\"col-md-5\">\n<h3>Estamos bem no centro geogr\u00e1fico de Portugal, uma enorme mancha de pinheiros bravos que se estende por uma paisagem imponente que alterna entre a grandiosidade das cristas de quartzo das Serras do Moradal e Alvelos e os vales profundos escavados pela insist\u00eancia milenar dos in\u00fameros cursos de \u00e1gua que engrossam o Z\u00eazere.<\/h3>\n<h3>Descarregue a aplica\u00e7\u00e3o OleirosXplore e fique a par de todos os pontos de interesse do nosso concelho.<\/h3>\n<\/div>\n<div class=\"col-md-1 hidden-sm hidden-xs\">\n<div style=\"text-align: center;\"><img loading=\"lazy\" class=\"aligncenter size-full wp-image-142\" src=\"https:\/\/campingoleiros.com\/portal\/wp-content\/uploads\/2016\/05\/sep.png\" alt=\"sep\" width=\"20\" height=\"130\"><\/div>\n<\/div>\n<div class=\"col-md-6 p-texto \">Mergulhe no Pinhal Interior, o centro verde do pa\u00eds. Uma regi\u00e3o dominada pela natureza, onde abunda o pinheiro e o medronheiro. Onde as cristas escarpadas de granito sobressaem, orgulhosas da paisagem e escondem vales de riachos e ribeiros l\u00edmpidos e intocados. Por aqui serpenteia a Grande Rota dos Apalaches e outros percursos pedestres que acompanham os meandros do rio Z\u00eazere. Por aqui adoramos a quietude do birdwatching e a adrenalina do BTT, preserv\u00e1mos a hist\u00f3ria gravada no xisto e a gastronomia rica da mem\u00f3ria dos nossos av\u00f3s.<br \/>\n<strong><br \/>\nO convite fica feito. Explore! Temos um patrim\u00f3nio \u00e0 sua espera.<\/strong><\/div>\n<\/div>\n<div class=\"row\">\n<div class=\"col-md-3\">\n<div class=\"percursos-menu\">\n<div class=\"submenuLink\"><a href=\"#percursos\">Percursos<\/a><\/div>\n<\/div>\n<\/div>\n<div class=\"col-md-3\">\n<div class=\"gastronomia-menu\">\n<div class=\"submenuLink\"><a href=\"#gastronomia\">Gastronomia<\/a><\/div>\n<\/div>\n<\/div>\n<div class=\"col-md-3\">\n<div class=\"monumentos-menu\">\n<div class=\"submenuLink\"><a href=\"#monumentos\">Monumentos<\/a><\/div>\n<\/div>\n<\/div>\n<div class=\"col-md-3\">\n<div class=\"geopark-menu\">\n<div class=\"submenuLink\"><a href=\"#geopark\">GeoPark<\/a><\/div>\n<\/div>\n<\/div>\n<\/div>\n<div style=\"clear: both;\"><\/div>\n<div class=\"row\" style=\"margin-left: 0; margin-right: 0; margin-top: 40px;\"><img class=\"aligncenter size-full wp-image-148\" src=\"https:\/\/campingoleiros.com\/portal\/wp-content\/uploads\/2016\/05\/seta-baixo.png\" alt=\"seta-baixo\" width=\"30%\" srcset=\"https:\/\/campingoleiros.com\/portal\/wp-content\/uploads\/2016\/05\/seta-baixo.png 606w, https:\/\/campingoleiros.com\/portal\/wp-content\/uploads\/2016\/05\/seta-baixo-300x67.png 300w\" sizes=\"(max-width: 606px) 100vw, 606px\" \/><\/div>\n<div id=\"percursos\" class=\"row\" style=\"margin-top: 100px;\">\n<div class=\"col-md-6\"><img class=\"img-responsive\" src=\"https:\/\/campingoleiros.com\/portal\/wp-content\/uploads\/2016\/08\/regiao-percursos.jpg\" alt=\"percursos Pinhal Interior GR38\"><\/div>\n<div class=\"col-md-6\">\n<div class=\"titleRegiao\">Percursos<\/div>\n<div class=\"p-texto\">Temos mais de 100 kms de percursos pedestres \u00e0 nossa volta, todos perfeitamente identificados e sinalizados, que visitam os melhores recantos do concelho. Explore a Grande Rota dos Apalaches (GR38), acompanhe o nosso tro\u00e7o da Grande Rota do Z\u00eazere (GRZ) ou perca-se nas pequenas rotas (PR) do Estreito , na georrota do Orvalho ou nas rotas em volta da aldeia do xisto de \u00c1lvaro.<\/div>\n<\/div>\n<\/div>\n<div id=\"monumentos\" class=\"row\" style=\"margin-top: 40px;\">\n<div class=\"col-md-6\">\n<div class=\"titleRegiao2\">Monumentos<\/div>\n<div class=\"p-texto\">Incontorn\u00e1vel \u00e9 \u00c1lvaro, a aldeia de xisto que \u00e9 branca. \u00c1lvaro apresenta-se como uma muralha branca que se estende num promont\u00f3rio com uma vista deslumbrante sobre os meandros do Z\u00eazere. A geografia peculiar do lugar confere-lhe um car\u00e1ter de fortaleza inexpugn\u00e1vel mas esconde tamb\u00e9m um patrim\u00f3nio invej\u00e1vel de 7 capelas e uma ponte romana assim como vest\u00edgios da ocupa\u00e7\u00e3o templ\u00e1ria. A religiosidade das nossas gentes manifesta-se ainda nas igrejas matriz e da Miseric\u00f3rdia de Oleiros, im\u00f3veis classificados, ou no interesse arquitet\u00f3nico da igreja do Estreito.<\/div>\n<\/div>\n<div class=\"col-md-6\"><img class=\"img-responsive\" src=\"https:\/\/campingoleiros.com\/portal\/wp-content\/uploads\/2016\/08\/regiao-monumentos.jpg\" alt=\"Monumentos em Oleiros\"><\/div>\n<\/div>\n<div id=\"gastronomia\" class=\"row\" style=\"margin-top: 40px;\">\n<div class=\"col-md-6\"><img class=\"img-responsive\" src=\"https:\/\/campingoleiros.com\/portal\/wp-content\/uploads\/2016\/08\/regiao-gastronomia2.jpg\" alt=\"gastronomia do pinhal interior\"><\/div>\n<div class=\"col-md-6\">\n<div class=\"titleRegiao\">Gastronomia<\/div>\n<div class=\"p-texto\">Estamos num territ\u00f3rio de grande heran\u00e7a gastron\u00f3mica onde se privilegia a cozinha tradicional e se guarda a mem\u00f3ria dos saberes dos nossos av\u00f3s. O exclusivo cabrito estonado imp\u00f5e-se como o rei da nossa cozinha, onde se destacam tamb\u00e9m os enchidos como o maranho e o bucho e o coelho de ca\u00e7a panado. As \u00e1guas xistosas dos rios fornecem tamb\u00e9m as trutas grelhadas e os achig\u00e3s. Adoce o paladar com as receitas artesanais do bolo de mel, das papas de milho, das filh\u00f3s e da tigelada. Atreva-se no vinho Callum, um vinho branco e leve exclusivo de Oleiros ou, se for mais aventureiro, prove a tradicional aguardente de Medronho.<\/div>\n<\/div>\n<\/div>\n<div id=\"geopark\" class=\"row\" style=\"margin-top: 40px;\">\n<div class=\"col-md-6\">\n<div class=\"titleRegiao2\">GEOPARK<\/div>\n<div class=\"p-texto\">Oleiros encontra-se dentro do territ\u00f3rio do Geopark Naturtejo, gra\u00e7as aos impressionantes testemunhos geol\u00f3gicos que originam geoss\u00edtios de excecional valor patrimonial. Visite o s\u00edtio do Portelo ou a pedreira da Penha Alta, com os seus icnof\u00f3sseis, ou as cristas quartz\u00edticas do Zebro e do Orvalho que oferecem miradouros de cortar a respira\u00e7\u00e3o. Descubra a Fraga de \u00c1gua d\u2019Alta, a maior queda de \u00e1gua da Beira Baixa, a Garganta Epig\u00e9nica da Malhada Velha ou viaje pelos meandros do Z\u00eazere.<\/div>\n<\/div>\n<div class=\"col-md-6\"><img class=\"img-responsive\" src=\"https:\/\/campingoleiros.com\/portal\/wp-content\/uploads\/2016\/08\/regiao-geopark800x536.jpg\" alt=\"geopark pinhal interior\"><\/div>\n<\/div>\n<div class=\"row app\">\n<div class=\"col-md-12\"><\/div>\n<div class=\"col-md-6\">\n<h3><\/h3>\n<\/div>\n<div class=\"col-md-12\"><\/div>\n<\/div>\n","protected":false},"excerpt":{"rendered":"<p>Estamos bem no centro geogr\u00e1fico de Portugal, uma enorme mancha de pinheiros bravos que se estende por uma paisagem imponente que alterna entre a grandiosidade das cristas de quartzo das Serras do Moradal e Alvelos e os vales profundos escavados pela insist\u00eancia milenar dos in\u00fameros cursos de \u00e1gua que engrossam o Z\u00eazere. Descarregue a aplica\u00e7\u00e3o [&hellip;]<\/p>\n","protected":false},"author":1,"featured_media":0,"parent":0,"menu_order":0,"comment_status":"closed","ping_status":"closed","template":"template-fullwidth.php","meta":[],"_links":{"self":[{"href":"https:\/\/campingoleiros.com\/portal\/wp-json\/wp\/v2\/pages\/101"}],"collection":[{"href":"https:\/\/campingoleiros.com\/portal\/wp-json\/wp\/v2\/pages"}],"about":[{"href":"https:\/\/campingoleiros.com\/portal\/wp-json\/wp\/v2\/types\/page"}],"author":[{"embeddable":true,"href":"https:\/\/campingoleiros.com\/portal\/wp-json\/wp\/v2\/users\/1"}],"replies":[{"embeddable":true,"href":"https:\/\/campingoleiros.com\/portal\/wp-json\/wp\/v2\/comments?post=101"}],"version-history":[{"count":88,"href":"https:\/\/campingoleiros.com\/portal\/wp-json\/wp\/v2\/pages\/101\/revisions"}],"predecessor-version":[{"id":1433,"href":"https:\/\/campingoleiros.com\/portal\/wp-json\/wp\/v2\/pages\/101\/revisions\/1433"}],"wp:attachment":[{"href":"https:\/\/campingoleiros.com\/portal\/wp-json\/wp\/v2\/media?parent=101"}],"curies":[{"name":"wp","href":"https:\/\/api.w.org\/{rel}","templated":true}]}}